{"id":632,"date":"2023-02-13T11:23:12","date_gmt":"2023-02-13T09:23:12","guid":{"rendered":"https:\/\/cosmindragomir.ro\/?page_id=632"},"modified":"2024-06-20T08:17:14","modified_gmt":"2024-06-20T05:17:14","slug":"despre","status":"publish","type":"page","link":"http:\/\/cosmindragomir.ro\/ro\/despre\/","title":{"rendered":"DESPRE"},"content":{"rendered":"\n<figure class=\"wp-block-image size-large\"><img loading=\"lazy\" decoding=\"async\" width=\"1024\" height=\"1016\" src=\"https:\/\/cosmindragomir.ro\/wp-content\/uploads\/2023\/02\/cosmin-poza-food-1024x1016.jpg\" alt=\"\" class=\"wp-image-741\" srcset=\"https:\/\/cosmindragomir.ro\/wp-content\/uploads\/2023\/02\/cosmin-poza-food-1024x1016.jpg 1024w, https:\/\/cosmindragomir.ro\/wp-content\/uploads\/2023\/02\/cosmin-poza-food-300x298.jpg 300w, https:\/\/cosmindragomir.ro\/wp-content\/uploads\/2023\/02\/cosmin-poza-food-150x150.jpg 150w, https:\/\/cosmindragomir.ro\/wp-content\/uploads\/2023\/02\/cosmin-poza-food-768x762.jpg 768w, https:\/\/cosmindragomir.ro\/wp-content\/uploads\/2023\/02\/cosmin-poza-food-1536x1525.jpg 1536w, https:\/\/cosmindragomir.ro\/wp-content\/uploads\/2023\/02\/cosmin-poza-food-12x12.jpg 12w, https:\/\/cosmindragomir.ro\/wp-content\/uploads\/2023\/02\/cosmin-poza-food-600x596.jpg 600w, https:\/\/cosmindragomir.ro\/wp-content\/uploads\/2023\/02\/cosmin-poza-food.jpg 1635w\" sizes=\"auto, (max-width: 1024px) 100vw, 1024px\" \/><\/figure>\n\n\n\n<p>Am scris \u0219i \u00eenainte despre gastronomie, dar din 2017 m\u0103 ocup exclusiv de acest domeniu. <\/p>\n\n\n\n<p>Am fondat gastroart.ro prima revist\u0103 specializat\u0103 \u00een cercetarea istoriei gastronomiei \u0219i ospitalit\u0103\u021bii rom\u00e2ne\u0219ti, apoi editura omonim\u0103 la care am publicat peste zece titluri \u00een mare parte reedit\u0103ri ale unor c\u0103r\u021bi vechi de bucate de la noi. <\/p>\n\n\n\n<p>Am publicat volumul<strong> Curatorul de zacusc\u0103 \u0219i alte povestiri culinare rom\u00e2ne\u0219ti<\/strong> (2021), <strong>Colec\u021bionarul de sarmale <\/strong>(2023) \u0219i sunt coautorul volumului <strong>Dulce Rom\u00e2nie &#8211; o istorie a deserturilor de la noi<\/strong> (2022) al\u0103turi de <a data-type=\"URL\" data-id=\"https:\/\/biscuit.ro\/\" href=\"https:\/\/biscuit.ro\/\" target=\"_blank\" rel=\"noreferrer noopener\">Adriana Sohodoleanu<\/a>.<\/p>\n\n\n\n<p>Sunt coini\u021biator al Legii &#8211; Ziua Na\u021bional\u0103 a Gastronomiei \u0219i Vinurilor din Rom\u00e2nia, coorganizator al Congresului Na\u021bional de Gastronomie \u0219i Vin  al\u0103turi de <a href=\"https:\/\/cezarioan.ro\/\" data-type=\"URL\" data-id=\"https:\/\/cezarioan.ro\/\" target=\"_blank\" rel=\"noreferrer noopener\">Cezar Ioa<\/a>n \u0219i <a href=\"https:\/\/www.facebook.com\/nico.lontras?locale=ro_RO\" data-type=\"URL\" data-id=\"https:\/\/www.facebook.com\/nico.lontras?locale=ro_RO\" target=\"_blank\" rel=\"noreferrer noopener\">Nico Lontras<\/a>. <\/p>\n\n\n\n<p>Scriu constant pe <a data-type=\"URL\" data-id=\"https:\/\/gastroart.ro\/\" href=\"https:\/\/gastroart.ro\/\" target=\"_blank\" rel=\"noreferrer noopener\">Gastroart.ro<\/a>, <a data-type=\"URL\" data-id=\"https:\/\/www.eisberg.ro\/ro\/frunzaverde\/salata-de-vorbe\/\" href=\"https:\/\/www.eisberg.ro\/ro\/frunzaverde\/salata-de-vorbe\/\">Eisberg.ro<\/a>, <a data-type=\"URL\" data-id=\"https:\/\/zilesinopti.ro\/\" href=\"https:\/\/zilesinopti.ro\/\" target=\"_blank\" rel=\"noreferrer noopener\">zilesinopti.ro<\/a>, <a data-type=\"URL\" data-id=\"https:\/\/mindcraftstories.ro\/author\/cosmin-dragomir\/\" href=\"https:\/\/mindcraftstories.ro\/author\/cosmin-dragomir\/\" target=\"_blank\" rel=\"noreferrer noopener\">Mindcraftstories.ro<\/a>, <a href=\"https:\/\/g4food.ro\/\">g4food.ro,<\/a> <a data-type=\"URL\" data-id=\"https:\/\/www.revistatomis.ro\/\" href=\"https:\/\/www.revistatomis.ro\/\" target=\"_blank\" rel=\"noreferrer noopener\">revistatomis.ro<\/a>, <a data-type=\"URL\" data-id=\"https:\/\/www.dulceromanie.ro\/\" href=\"https:\/\/www.dulceromanie.ro\/\" target=\"_blank\" rel=\"noreferrer noopener\">dulceromanie.ro<\/a> \u0219i c\u00e2teodat\u0103 pe <a data-type=\"URL\" data-id=\"https:\/\/dilemaveche.ro\/\" href=\"https:\/\/dilemaveche.ro\/\" target=\"_blank\" rel=\"noreferrer noopener\">Dilemaveche.ro<\/a> sau <a data-type=\"URL\" data-id=\"https:\/\/vinul.ro\/\" href=\"https:\/\/vinul.ro\/\">Vinul.ro<\/a>. M\u0103 g\u0103si\u021bi \u0219i \u00een newsletterul <a data-type=\"URL\" data-id=\"https:\/\/cc-cc.ro\/newsletter\/\" href=\"https:\/\/cc-cc.ro\/newsletter\/\">Recomandat de Curator &amp; Connaisseur &amp; Friends<\/a>.<\/p>\n\n\n\n<p>Vorbesc tare \u0219i ap\u0103sat \u00een calitate de gazd\u0103 \u00een podcastul <a href=\"https:\/\/cronicaridigitali.ro\/podcast\/\" data-type=\"URL\" data-id=\"https:\/\/cronicaridigitali.ro\/podcast\/\">Amintiri Gustoase by Cronicari Digitali<\/a> &#8211; primul podcast dedicat 100% gastronomiei. <\/p>\n\n\n\n<p><strong>Premii:<\/strong><\/p>\n\n\n\n<p>Gault &amp; Millau, Asocia\u021bia Na\u021bional\u0103 a Buc\u0103tarilor \u0219i Cofetarilor din Turism, Asocia\u021bia Na\u021bional\u0103 a Jurnali\u0219tilor de Turism,&nbsp;<\/p>\n\n\n\n<p>webstock: (2021 &#8211; locul III Best Company Blog &#8211; Salata de vorbe pentru <a href=\"https:\/\/www.facebook.com\/eisbergromania\/?__cft__%5b0%5d=AZXhRkoGE6L8f_juKPo7XfZ29cwRju9T_rBL9MFTUKM2xCrI-SvmDwMihf0g2OQoSAtrhxng8agzgf4AjxSdrWF07e96bD5lgyRoi0T52tKkdtmgp4TIQDV4sH0Xq26fEj3pQGV0UIL9XSnvcU1qp9SHjRUWUTGcdUoEBr9CAfSQhxPmYCe6K8Ys-eBHUhUjRKQ&amp;__tn__=kK-R\">Eisberg: #simplyfresh<\/a>;&nbsp; 2022 &#8211; locul II Best Branded Podcasts cu <a href=\"https:\/\/www.facebook.com\/hashtag\/amintirigustoase?__eep__=6&amp;__cft__%5b0%5d=AZXhRkoGE6L8f_juKPo7XfZ29cwRju9T_rBL9MFTUKM2xCrI-SvmDwMihf0g2OQoSAtrhxng8agzgf4AjxSdrWF07e96bD5lgyRoi0T52tKkdtmgp4TIQDV4sH0Xq26fEj3pQGV0UIL9XSnvcU1qp9SHjRUWUTGcdUoEBr9CAfSQhxPmYCe6K8Ys-eBHUhUjRKQ&amp;__tn__=*NK-R\">#amintirigustoase<\/a> by <a href=\"https:\/\/www.facebook.com\/cronicaridigitali\/?__cft__%5b0%5d=AZXhRkoGE6L8f_juKPo7XfZ29cwRju9T_rBL9MFTUKM2xCrI-SvmDwMihf0g2OQoSAtrhxng8agzgf4AjxSdrWF07e96bD5lgyRoi0T52tKkdtmgp4TIQDV4sH0Xq26fEj3pQGV0UIL9XSnvcU1qp9SHjRUWUTGcdUoEBr9CAfSQhxPmYCe6K8Ys-eBHUhUjRKQ&amp;__tn__=kK-R\">Cronicari Digitali<\/a> &amp; <a href=\"https:\/\/www.facebook.com\/Electroluxromania\/?__cft__%5b0%5d=AZXhRkoGE6L8f_juKPo7XfZ29cwRju9T_rBL9MFTUKM2xCrI-SvmDwMihf0g2OQoSAtrhxng8agzgf4AjxSdrWF07e96bD5lgyRoi0T52tKkdtmgp4TIQDV4sH0Xq26fEj3pQGV0UIL9XSnvcU1qp9SHjRUWUTGcdUoEBr9CAfSQhxPmYCe6K8Ys-eBHUhUjRKQ&amp;__tn__=kK-R\">Electrolux<\/a>)<\/p>\n\n\n\n<p><\/p>\n\n\n\n<p>Predispus spre \u00eembuibare \u0219i b\u0103utor profesionist cu diplom\u0103 de Eurosomelier. Dac\u0103 nu dai de mine \u00eentreba\u021bi-i pe <a rel=\"noreferrer noopener\" href=\"https:\/\/www.facebook.com\/emdumitru\" data-type=\"URL\" data-id=\"https:\/\/www.facebook.com\/emdumitru\" target=\"_blank\">Mihnea<\/a> sau pe <a rel=\"noreferrer noopener\" href=\"https:\/\/www.facebook.com\/cezar.ioan.14\" data-type=\"URL\" data-id=\"https:\/\/www.facebook.com\/cezar.ioan.14\" target=\"_blank\">Cezar<\/a> ce fac. Ei sigur \u0219tiu! Apar destul de mult la TV, vorbesc mult \u0219i la radio \u0219i r\u0103spund la interviuri.<\/p>\n\n\n\n<p>C\u00e2nd nu m\u0103n\u00e2nc sau beau citesc, scriu \u0219i fac planuri. Spre exemplu s\u0103 m\u0103 \u00eendop vreo 100+ de zile prin Balcani al\u0103turi de Cristian Iohan \u0218tef\u0103nescu pentru un studiu de gastronomie regional\u0103 comparat\u0103. Sau s\u0103 scriu o carte despre ciorba de burt\u0103 (c\u0103 la Enciclopedia Universal\u0103 a sarmalelor scriu de vreo trei ani). Sau s\u0103 pun pe picioare Asocia\u021bia Na\u021bional\u0103 a Jurnali\u0219tilor \u0219i Scriitorilor de Gastronomie. Sau s\u0103 reiau newsletterul. Sau s\u0103 plec \u00een Georgia \u0219i Armenia. Sau&#8230;<\/p>\n\n\n\n<p><\/p>\n\n\n\n<p><\/p>\n\n\n\n<figure class=\"wp-block-image size-large\"><img loading=\"lazy\" decoding=\"async\" width=\"1024\" height=\"683\" src=\"https:\/\/cosmindragomir.ro\/wp-content\/uploads\/2023\/02\/jurat-vinul-ro-calin-stan-1024x683.jpg\" alt=\"\" class=\"wp-image-740\" srcset=\"https:\/\/cosmindragomir.ro\/wp-content\/uploads\/2023\/02\/jurat-vinul-ro-calin-stan-1024x683.jpg 1024w, https:\/\/cosmindragomir.ro\/wp-content\/uploads\/2023\/02\/jurat-vinul-ro-calin-stan-300x200.jpg 300w, https:\/\/cosmindragomir.ro\/wp-content\/uploads\/2023\/02\/jurat-vinul-ro-calin-stan-768x513.jpg 768w, https:\/\/cosmindragomir.ro\/wp-content\/uploads\/2023\/02\/jurat-vinul-ro-calin-stan-18x12.jpg 18w, https:\/\/cosmindragomir.ro\/wp-content\/uploads\/2023\/02\/jurat-vinul-ro-calin-stan-600x400.jpg 600w, https:\/\/cosmindragomir.ro\/wp-content\/uploads\/2023\/02\/jurat-vinul-ro-calin-stan.jpg 1440w\" sizes=\"auto, (max-width: 1024px) 100vw, 1024px\" \/><\/figure>\n\n\n\n<h2 class=\"wp-block-heading alignfull has-text-align-center\"><mark style=\"background-color:rgba(0, 0, 0, 0)\" class=\"has-inline-color has-luminous-vivid-orange-color\"><strong>Parteneri <\/strong><\/mark><\/h2>\n\n\n<div class=\"wp-block-image\">\n<figure class=\"aligncenter size-full is-resized\"><img loading=\"lazy\" decoding=\"async\" width=\"225\" height=\"225\" src=\"https:\/\/cosmindragomir.ro\/wp-content\/uploads\/2023\/08\/descarcare.png\" alt=\"\" class=\"wp-image-1090\" style=\"width:394px;height:394px\" srcset=\"https:\/\/cosmindragomir.ro\/wp-content\/uploads\/2023\/08\/descarcare.png 225w, https:\/\/cosmindragomir.ro\/wp-content\/uploads\/2023\/08\/descarcare-150x150.png 150w, https:\/\/cosmindragomir.ro\/wp-content\/uploads\/2023\/08\/descarcare-12x12.png 12w\" sizes=\"auto, (max-width: 225px) 100vw, 225px\" \/><\/figure>\n<\/div>\n\n<div class=\"wp-block-image\">\n<figure class=\"aligncenter size-large is-resized\"><a href=\"https:\/\/www.dreamstime.com\/\" target=\"_blank\" rel=\"noreferrer noopener\"><img loading=\"lazy\" decoding=\"async\" width=\"1024\" height=\"242\" src=\"https:\/\/cosmindragomir.ro\/wp-content\/uploads\/2023\/02\/Dreamstime-full-color-logo-1024x242.jpg\" alt=\"\" class=\"wp-image-802\" style=\"width:448px;height:106px\" srcset=\"https:\/\/cosmindragomir.ro\/wp-content\/uploads\/2023\/02\/Dreamstime-full-color-logo-1024x242.jpg 1024w, https:\/\/cosmindragomir.ro\/wp-content\/uploads\/2023\/02\/Dreamstime-full-color-logo-300x71.jpg 300w, https:\/\/cosmindragomir.ro\/wp-content\/uploads\/2023\/02\/Dreamstime-full-color-logo-768x182.jpg 768w, https:\/\/cosmindragomir.ro\/wp-content\/uploads\/2023\/02\/Dreamstime-full-color-logo-18x4.jpg 18w, https:\/\/cosmindragomir.ro\/wp-content\/uploads\/2023\/02\/Dreamstime-full-color-logo-600x142.jpg 600w, https:\/\/cosmindragomir.ro\/wp-content\/uploads\/2023\/02\/Dreamstime-full-color-logo.jpg 1200w\" sizes=\"auto, (max-width: 1024px) 100vw, 1024px\" \/><\/a><\/figure>\n<\/div>\n\n<div class=\"wp-block-image\">\n<figure class=\"aligncenter size-large is-resized\"><a href=\"https:\/\/vinul.ro\/\" target=\"_blank\" rel=\"noreferrer noopener\"><img loading=\"lazy\" decoding=\"async\" width=\"1024\" height=\"314\" src=\"https:\/\/cosmindragomir.ro\/wp-content\/uploads\/2023\/02\/vinul_ro_ziua_nat_gastro-1024x314.png\" alt=\"\" class=\"wp-image-803\" style=\"width:445px;height:136px\" srcset=\"https:\/\/cosmindragomir.ro\/wp-content\/uploads\/2023\/02\/vinul_ro_ziua_nat_gastro-1024x314.png 1024w, https:\/\/cosmindragomir.ro\/wp-content\/uploads\/2023\/02\/vinul_ro_ziua_nat_gastro-300x92.png 300w, https:\/\/cosmindragomir.ro\/wp-content\/uploads\/2023\/02\/vinul_ro_ziua_nat_gastro-768x235.png 768w, https:\/\/cosmindragomir.ro\/wp-content\/uploads\/2023\/02\/vinul_ro_ziua_nat_gastro-1536x470.png 1536w, https:\/\/cosmindragomir.ro\/wp-content\/uploads\/2023\/02\/vinul_ro_ziua_nat_gastro-2048x627.png 2048w, https:\/\/cosmindragomir.ro\/wp-content\/uploads\/2023\/02\/vinul_ro_ziua_nat_gastro-18x6.png 18w, https:\/\/cosmindragomir.ro\/wp-content\/uploads\/2023\/02\/vinul_ro_ziua_nat_gastro-600x184.png 600w\" sizes=\"auto, (max-width: 1024px) 100vw, 1024px\" \/><\/a><\/figure>\n<\/div>\n\n<div class=\"wp-block-image\">\n<figure class=\"aligncenter size-full is-resized\"><a href=\"https:\/\/www.lauralaurentiu.ro\/\" target=\"_blank\" rel=\"noreferrer noopener\"><img loading=\"lazy\" decoding=\"async\" width=\"660\" height=\"140\" src=\"https:\/\/cosmindragomir.ro\/wp-content\/uploads\/2023\/02\/logo.jpg\" alt=\"\" class=\"wp-image-804\" style=\"width:450px;height:95px\" srcset=\"https:\/\/cosmindragomir.ro\/wp-content\/uploads\/2023\/02\/logo.jpg 660w, https:\/\/cosmindragomir.ro\/wp-content\/uploads\/2023\/02\/logo-300x64.jpg 300w, https:\/\/cosmindragomir.ro\/wp-content\/uploads\/2023\/02\/logo-18x4.jpg 18w, https:\/\/cosmindragomir.ro\/wp-content\/uploads\/2023\/02\/logo-600x127.jpg 600w\" sizes=\"auto, (max-width: 660px) 100vw, 660px\" \/><\/a><\/figure>\n<\/div>\n\n<div class=\"wp-block-image\">\n<figure class=\"aligncenter size-full is-resized\"><a href=\"https:\/\/savoriurbane.com\/\" target=\"_blank\" rel=\"noreferrer noopener\"><img loading=\"lazy\" decoding=\"async\" width=\"400\" height=\"170\" src=\"https:\/\/cosmindragomir.ro\/wp-content\/uploads\/2023\/02\/Savori-Urbane-Logo-grey-400.png\" alt=\"\" class=\"wp-image-805\" style=\"width:465px;height:198px\" srcset=\"https:\/\/cosmindragomir.ro\/wp-content\/uploads\/2023\/02\/Savori-Urbane-Logo-grey-400.png 400w, https:\/\/cosmindragomir.ro\/wp-content\/uploads\/2023\/02\/Savori-Urbane-Logo-grey-400-300x128.png 300w, https:\/\/cosmindragomir.ro\/wp-content\/uploads\/2023\/02\/Savori-Urbane-Logo-grey-400-18x8.png 18w\" sizes=\"auto, (max-width: 400px) 100vw, 400px\" \/><\/a><\/figure>\n<\/div>\n\n<div class=\"wp-block-image\">\n<figure class=\"aligncenter size-full is-resized\"><a href=\"https:\/\/biscuit.ro\/\" target=\"_blank\" rel=\"noreferrer noopener\"><img loading=\"lazy\" decoding=\"async\" width=\"516\" height=\"161\" src=\"https:\/\/cosmindragomir.ro\/wp-content\/uploads\/2023\/02\/logo-Biscuit.png\" alt=\"\" class=\"wp-image-806\" style=\"width:455px;height:142px\" srcset=\"https:\/\/cosmindragomir.ro\/wp-content\/uploads\/2023\/02\/logo-Biscuit.png 516w, https:\/\/cosmindragomir.ro\/wp-content\/uploads\/2023\/02\/logo-Biscuit-300x94.png 300w, https:\/\/cosmindragomir.ro\/wp-content\/uploads\/2023\/02\/logo-Biscuit-18x6.png 18w\" sizes=\"auto, (max-width: 516px) 100vw, 516px\" \/><\/a><\/figure>\n<\/div>\n\n<div class=\"wp-block-image\">\n<figure class=\"aligncenter size-full\"><a href=\"https:\/\/luciandragomir.ro\/\" target=\"_blank\" rel=\"https:\/\/luciandragomir.ro\/ noopener\"><img loading=\"lazy\" decoding=\"async\" width=\"74\" height=\"56\" src=\"https:\/\/cosmindragomir.ro\/wp-content\/uploads\/2024\/01\/cropped-New-Project-74x56-1.png\" alt=\"\" class=\"wp-image-1304\" srcset=\"https:\/\/cosmindragomir.ro\/wp-content\/uploads\/2024\/01\/cropped-New-Project-74x56-1.png 74w, https:\/\/cosmindragomir.ro\/wp-content\/uploads\/2024\/01\/cropped-New-Project-74x56-1-16x12.png 16w\" sizes=\"auto, (max-width: 74px) 100vw, 74px\" \/><\/a><\/figure>\n<\/div>","protected":false},"excerpt":{"rendered":"<p>Am scris \u0219i \u00eenainte despre gastronomie, dar din 2017 m\u0103 ocup exclusiv de acest domeniu. Am fondat gastroart.ro prima revist\u0103 specializat\u0103 \u00een cercetarea istoriei gastronomiei \u0219i ospitalit\u0103\u021bii rom\u00e2ne\u0219ti, apoi editura omonim\u0103 la care am publicat peste zece titluri \u00een mare parte reedit\u0103ri ale unor c\u0103r\u021bi vechi de bucate de la noi. Am publicat volumul Curatorul [&hellip;]<\/p>\n","protected":false},"author":1,"featured_media":0,"parent":0,"menu_order":0,"comment_status":"closed","ping_status":"closed","template":"","meta":{"footnotes":""},"class_list":["post-632","page","type-page","status-publish","hentry"],"yoast_head":"<!-- This site is optimized with the Yoast SEO plugin v23.4 - https:\/\/yoast.com\/wordpress\/plugins\/seo\/ -->\n<title>DESPRE - Cosmin Dragomir<\/title>\n<meta name=\"robots\" content=\"index, follow, max-snippet:-1, max-image-preview:large, max-video-preview:-1\" \/>\n<link rel=\"canonical\" href=\"http:\/\/cosmindragomir.ro\/ro\/despre\/\" \/>\n<meta property=\"og:locale\" content=\"ro_RO\" \/>\n<meta property=\"og:type\" content=\"article\" \/>\n<meta property=\"og:title\" content=\"DESPRE - Cosmin Dragomir\" \/>\n<meta property=\"og:description\" content=\"Am scris \u0219i \u00eenainte despre gastronomie, dar din 2017 m\u0103 ocup exclusiv de acest domeniu. Am fondat gastroart.ro prima revist\u0103 specializat\u0103 \u00een cercetarea istoriei gastronomiei \u0219i ospitalit\u0103\u021bii rom\u00e2ne\u0219ti, apoi editura omonim\u0103 la care am publicat peste zece titluri \u00een mare parte reedit\u0103ri ale unor c\u0103r\u021bi vechi de bucate de la noi. Am publicat volumul Curatorul [&hellip;]\" \/>\n<meta property=\"og:url\" content=\"http:\/\/cosmindragomir.ro\/ro\/despre\/\" \/>\n<meta property=\"og:site_name\" content=\"Cosmin Dragomir\" \/>\n<meta property=\"article:publisher\" content=\"https:\/\/www.facebook.com\/cosmin.dragomir.12\" \/>\n<meta property=\"article:modified_time\" content=\"2024-06-20T05:17:14+00:00\" \/>\n<meta property=\"og:image\" content=\"https:\/\/cosmindragomir.ro\/wp-content\/uploads\/2023\/02\/cosmin-poza-food-1024x1016.jpg\" \/>\n<meta name=\"twitter:card\" content=\"summary_large_image\" \/>\n<meta name=\"twitter:label1\" content=\"Timp estimat pentru citire\" \/>\n\t<meta name=\"twitter:data1\" content=\"4 minute\" \/>\n<script type=\"application\/ld+json\" class=\"yoast-schema-graph\">{\"@context\":\"https:\/\/schema.org\",\"@graph\":[{\"@type\":\"WebPage\",\"@id\":\"https:\/\/cosmindragomir.ro\/despre\/\",\"url\":\"https:\/\/cosmindragomir.ro\/despre\/\",\"name\":\"DESPRE - Cosmin Dragomir\",\"isPartOf\":{\"@id\":\"https:\/\/cosmindragomir.ro\/#website\"},\"primaryImageOfPage\":{\"@id\":\"https:\/\/cosmindragomir.ro\/despre\/#primaryimage\"},\"image\":{\"@id\":\"https:\/\/cosmindragomir.ro\/despre\/#primaryimage\"},\"thumbnailUrl\":\"https:\/\/cosmindragomir.ro\/wp-content\/uploads\/2023\/02\/cosmin-poza-food-1024x1016.jpg\",\"datePublished\":\"2023-02-13T09:23:12+00:00\",\"dateModified\":\"2024-06-20T05:17:14+00:00\",\"breadcrumb\":{\"@id\":\"https:\/\/cosmindragomir.ro\/despre\/#breadcrumb\"},\"inLanguage\":\"ro-RO\",\"potentialAction\":[{\"@type\":\"ReadAction\",\"target\":[\"https:\/\/cosmindragomir.ro\/despre\/\"]}]},{\"@type\":\"ImageObject\",\"inLanguage\":\"ro-RO\",\"@id\":\"https:\/\/cosmindragomir.ro\/despre\/#primaryimage\",\"url\":\"https:\/\/cosmindragomir.ro\/wp-content\/uploads\/2023\/02\/cosmin-poza-food-1024x1016.jpg\",\"contentUrl\":\"https:\/\/cosmindragomir.ro\/wp-content\/uploads\/2023\/02\/cosmin-poza-food-1024x1016.jpg\"},{\"@type\":\"BreadcrumbList\",\"@id\":\"https:\/\/cosmindragomir.ro\/despre\/#breadcrumb\",\"itemListElement\":[{\"@type\":\"ListItem\",\"position\":1,\"name\":\"Home\",\"item\":\"https:\/\/cosmindragomir.ro\/\"},{\"@type\":\"ListItem\",\"position\":2,\"name\":\"DESPRE\"}]},{\"@type\":\"WebSite\",\"@id\":\"https:\/\/cosmindragomir.ro\/#website\",\"url\":\"https:\/\/cosmindragomir.ro\/\",\"name\":\"Cosmin Dragomir\",\"description\":\"istorie pe p\u00e2ine\",\"publisher\":{\"@id\":\"https:\/\/cosmindragomir.ro\/#\/schema\/person\/fa5dfbff9a3c217f077eaada3362ebe0\"},\"potentialAction\":[{\"@type\":\"SearchAction\",\"target\":{\"@type\":\"EntryPoint\",\"urlTemplate\":\"https:\/\/cosmindragomir.ro\/?s={search_term_string}\"},\"query-input\":{\"@type\":\"PropertyValueSpecification\",\"valueRequired\":true,\"valueName\":\"search_term_string\"}}],\"inLanguage\":\"ro-RO\"},{\"@type\":[\"Person\",\"Organization\"],\"@id\":\"https:\/\/cosmindragomir.ro\/#\/schema\/person\/fa5dfbff9a3c217f077eaada3362ebe0\",\"name\":\"Cosmin Dragomir\",\"image\":{\"@type\":\"ImageObject\",\"inLanguage\":\"ro-RO\",\"@id\":\"https:\/\/cosmindragomir.ro\/#\/schema\/person\/image\/\",\"url\":\"https:\/\/cosmindragomir.ro\/wp-content\/uploads\/2019\/06\/cropped-cropped-14610998_1103641976422462_2912219255401263028_n-1-1.jpg\",\"contentUrl\":\"https:\/\/cosmindragomir.ro\/wp-content\/uploads\/2019\/06\/cropped-cropped-14610998_1103641976422462_2912219255401263028_n-1-1.jpg\",\"width\":200,\"height\":200,\"caption\":\"Cosmin Dragomir\"},\"logo\":{\"@id\":\"https:\/\/cosmindragomir.ro\/#\/schema\/person\/image\/\"},\"sameAs\":[\"https:\/\/cosmindragomir.ro\",\"https:\/\/www.facebook.com\/cosmin.dragomir.12\",\"https:\/\/www.instagram.com\/cosmindragomir_gastroart\/\"]}]}<\/script>\n<!-- \/ Yoast SEO plugin. -->","yoast_head_json":{"title":"DESPRE - Cosmin Dragomir","robots":{"index":"index","follow":"follow","max-snippet":"max-snippet:-1","max-image-preview":"max-image-preview:large","max-video-preview":"max-video-preview:-1"},"canonical":"http:\/\/cosmindragomir.ro\/ro\/despre\/","og_locale":"ro_RO","og_type":"article","og_title":"DESPRE - Cosmin Dragomir","og_description":"Am scris \u0219i \u00eenainte despre gastronomie, dar din 2017 m\u0103 ocup exclusiv de acest domeniu. Am fondat gastroart.ro prima revist\u0103 specializat\u0103 \u00een cercetarea istoriei gastronomiei \u0219i ospitalit\u0103\u021bii rom\u00e2ne\u0219ti, apoi editura omonim\u0103 la care am publicat peste zece titluri \u00een mare parte reedit\u0103ri ale unor c\u0103r\u021bi vechi de bucate de la noi. Am publicat volumul Curatorul [&hellip;]","og_url":"http:\/\/cosmindragomir.ro\/ro\/despre\/","og_site_name":"Cosmin Dragomir","article_publisher":"https:\/\/www.facebook.com\/cosmin.dragomir.12","article_modified_time":"2024-06-20T05:17:14+00:00","og_image":[{"url":"https:\/\/cosmindragomir.ro\/wp-content\/uploads\/2023\/02\/cosmin-poza-food-1024x1016.jpg"}],"twitter_card":"summary_large_image","twitter_misc":{"Timp estimat pentru citire":"4 minute"},"schema":{"@context":"https:\/\/schema.org","@graph":[{"@type":"WebPage","@id":"https:\/\/cosmindragomir.ro\/despre\/","url":"https:\/\/cosmindragomir.ro\/despre\/","name":"DESPRE - Cosmin Dragomir","isPartOf":{"@id":"https:\/\/cosmindragomir.ro\/#website"},"primaryImageOfPage":{"@id":"https:\/\/cosmindragomir.ro\/despre\/#primaryimage"},"image":{"@id":"https:\/\/cosmindragomir.ro\/despre\/#primaryimage"},"thumbnailUrl":"https:\/\/cosmindragomir.ro\/wp-content\/uploads\/2023\/02\/cosmin-poza-food-1024x1016.jpg","datePublished":"2023-02-13T09:23:12+00:00","dateModified":"2024-06-20T05:17:14+00:00","breadcrumb":{"@id":"https:\/\/cosmindragomir.ro\/despre\/#breadcrumb"},"inLanguage":"ro-RO","potentialAction":[{"@type":"ReadAction","target":["https:\/\/cosmindragomir.ro\/despre\/"]}]},{"@type":"ImageObject","inLanguage":"ro-RO","@id":"https:\/\/cosmindragomir.ro\/despre\/#primaryimage","url":"https:\/\/cosmindragomir.ro\/wp-content\/uploads\/2023\/02\/cosmin-poza-food-1024x1016.jpg","contentUrl":"https:\/\/cosmindragomir.ro\/wp-content\/uploads\/2023\/02\/cosmin-poza-food-1024x1016.jpg"},{"@type":"BreadcrumbList","@id":"https:\/\/cosmindragomir.ro\/despre\/#breadcrumb","itemListElement":[{"@type":"ListItem","position":1,"name":"Home","item":"https:\/\/cosmindragomir.ro\/"},{"@type":"ListItem","position":2,"name":"DESPRE"}]},{"@type":"WebSite","@id":"https:\/\/cosmindragomir.ro\/#website","url":"https:\/\/cosmindragomir.ro\/","name":"Cosmin Dragomir","description":"istorie pe p\u00e2ine","publisher":{"@id":"https:\/\/cosmindragomir.ro\/#\/schema\/person\/fa5dfbff9a3c217f077eaada3362ebe0"},"potentialAction":[{"@type":"SearchAction","target":{"@type":"EntryPoint","urlTemplate":"https:\/\/cosmindragomir.ro\/?s={search_term_string}"},"query-input":{"@type":"PropertyValueSpecification","valueRequired":true,"valueName":"search_term_string"}}],"inLanguage":"ro-RO"},{"@type":["Person","Organization"],"@id":"https:\/\/cosmindragomir.ro\/#\/schema\/person\/fa5dfbff9a3c217f077eaada3362ebe0","name":"Cosmin Dragomir","image":{"@type":"ImageObject","inLanguage":"ro-RO","@id":"https:\/\/cosmindragomir.ro\/#\/schema\/person\/image\/","url":"https:\/\/cosmindragomir.ro\/wp-content\/uploads\/2019\/06\/cropped-cropped-14610998_1103641976422462_2912219255401263028_n-1-1.jpg","contentUrl":"https:\/\/cosmindragomir.ro\/wp-content\/uploads\/2019\/06\/cropped-cropped-14610998_1103641976422462_2912219255401263028_n-1-1.jpg","width":200,"height":200,"caption":"Cosmin Dragomir"},"logo":{"@id":"https:\/\/cosmindragomir.ro\/#\/schema\/person\/image\/"},"sameAs":["https:\/\/cosmindragomir.ro","https:\/\/www.facebook.com\/cosmin.dragomir.12","https:\/\/www.instagram.com\/cosmindragomir_gastroart\/"]}]}},"_links":{"self":[{"href":"http:\/\/cosmindragomir.ro\/ro\/wp-json\/wp\/v2\/pages\/632","targetHints":{"allow":["GET"]}}],"collection":[{"href":"http:\/\/cosmindragomir.ro\/ro\/wp-json\/wp\/v2\/pages"}],"about":[{"href":"http:\/\/cosmindragomir.ro\/ro\/wp-json\/wp\/v2\/types\/page"}],"author":[{"embeddable":true,"href":"http:\/\/cosmindragomir.ro\/ro\/wp-json\/wp\/v2\/users\/1"}],"replies":[{"embeddable":true,"href":"http:\/\/cosmindragomir.ro\/ro\/wp-json\/wp\/v2\/comments?post=632"}],"version-history":[{"count":12,"href":"http:\/\/cosmindragomir.ro\/ro\/wp-json\/wp\/v2\/pages\/632\/revisions"}],"predecessor-version":[{"id":1527,"href":"http:\/\/cosmindragomir.ro\/ro\/wp-json\/wp\/v2\/pages\/632\/revisions\/1527"}],"wp:attachment":[{"href":"http:\/\/cosmindragomir.ro\/ro\/wp-json\/wp\/v2\/media?parent=632"}],"curies":[{"name":"wp","href":"https:\/\/api.w.org\/{rel}","templated":true}]}}