{"id":728,"date":"2023-02-13T13:12:05","date_gmt":"2023-02-13T11:12:05","guid":{"rendered":"https:\/\/cosmindragomir.ro\/?page_id=728"},"modified":"2023-02-14T05:47:58","modified_gmt":"2023-02-14T03:47:58","slug":"carti","status":"publish","type":"page","link":"http:\/\/cosmindragomir.ro\/ro\/carti\/","title":{"rendered":"C\u0102R\u021aI"},"content":{"rendered":"\n<p class=\"has-text-align-center has-vivid-red-color has-text-color has-large-font-size\"><strong>Curatorul de Zacusc\u0103 \u0219i alte povestiri culinare rom\u00e2ne\u0219ti <\/strong><\/p>\n\n\n<div class=\"wp-block-image\">\n<figure class=\"aligncenter size-large\"><img loading=\"lazy\" decoding=\"async\" width=\"683\" height=\"1024\" src=\"https:\/\/cosmindragomir.ro\/wp-content\/uploads\/2023\/02\/curator-3d-inalt-683x1024.jpg\" alt=\"\" class=\"wp-image-746\" srcset=\"https:\/\/cosmindragomir.ro\/wp-content\/uploads\/2023\/02\/curator-3d-inalt-683x1024.jpg 683w, https:\/\/cosmindragomir.ro\/wp-content\/uploads\/2023\/02\/curator-3d-inalt-200x300.jpg 200w, https:\/\/cosmindragomir.ro\/wp-content\/uploads\/2023\/02\/curator-3d-inalt-768x1152.jpg 768w, https:\/\/cosmindragomir.ro\/wp-content\/uploads\/2023\/02\/curator-3d-inalt-8x12.jpg 8w, https:\/\/cosmindragomir.ro\/wp-content\/uploads\/2023\/02\/curator-3d-inalt-600x900.jpg 600w, https:\/\/cosmindragomir.ro\/wp-content\/uploads\/2023\/02\/curator-3d-inalt.jpg 800w\" sizes=\"auto, (max-width: 683px) 100vw, 683px\" \/><\/figure>\n<\/div>\n\n\n<p>Este o culegere de articole, studii, editoriale si interviuri publicate in diferite medii, dar si inedite (scrise special pentru acest volum) de Cosmin Dragomir unul dintre cei mai cunoscuti jurnalisti culinari romani.<\/p>\n\n\n\n<p>Volumul abordeaza diferite teme de istorie ai antropologie culinara romaneasca si beneficiaza de o multitudine de ilustratii. In format mare, coperta cartonata, full color si consistent (431 de pagini) volumul poate face deliciul oricarui gurmand, gourmet sau pasionat de lectura. O sa descoperiti o sumedenie de fun facts gastronomice autohtone care dovedesc cat de suprinzatoare este istoria noastra culinara. Cartea se adreseaza tuturor categoriilor de cititori, nu are pretentii academice, ba chiar din contra, este scrisa si paginata cu gandul de a nu intimida pe nimeni.<\/p>\n\n\n\n<p><\/p>\n\n\n\n<p><\/p>\n\n\n\n<p class=\"has-text-align-center has-vivid-red-color has-text-color has-large-font-size\"><strong>Dulce Rom\u00e2nie &#8211; o istorie a deserturilor de la noi <\/strong><\/p>\n\n\n\n<p class=\"has-text-align-center\">Un volum curatorizat \u00eempreun\u0103 cu Adriana Sohodoleanu pentru Dr. Oetker <\/p>\n\n\n<div class=\"wp-block-image\">\n<figure class=\"aligncenter size-large\"><a href=\"https:\/\/carturesti.ro\/carte\/dulce-romanie-2025071800\" target=\"_blank\" rel=\"https:\/\/carturesti.ro\/carte\/dulce-romanie-2025071800 noopener\"><img loading=\"lazy\" decoding=\"async\" width=\"750\" height=\"1024\" src=\"https:\/\/cosmindragomir.ro\/wp-content\/uploads\/2023\/02\/dulce-romanie-750x1024.png\" alt=\"\" class=\"wp-image-747\" srcset=\"https:\/\/cosmindragomir.ro\/wp-content\/uploads\/2023\/02\/dulce-romanie-750x1024.png 750w, https:\/\/cosmindragomir.ro\/wp-content\/uploads\/2023\/02\/dulce-romanie-220x300.png 220w, https:\/\/cosmindragomir.ro\/wp-content\/uploads\/2023\/02\/dulce-romanie-768x1048.png 768w, https:\/\/cosmindragomir.ro\/wp-content\/uploads\/2023\/02\/dulce-romanie-1125x1536.png 1125w, https:\/\/cosmindragomir.ro\/wp-content\/uploads\/2023\/02\/dulce-romanie-1501x2048.png 1501w, https:\/\/cosmindragomir.ro\/wp-content\/uploads\/2023\/02\/dulce-romanie-9x12.png 9w, https:\/\/cosmindragomir.ro\/wp-content\/uploads\/2023\/02\/dulce-romanie-600x819.png 600w, https:\/\/cosmindragomir.ro\/wp-content\/uploads\/2023\/02\/dulce-romanie.png 1571w\" sizes=\"auto, (max-width: 750px) 100vw, 750px\" \/><\/a><\/figure>\n<\/div>\n\n\n<p>C\u00e2nd \u021bi se propune s\u0103 scrii un site \u0219i apoi o carte care va purta subtitlul \u201eo istorie a deserturilor din Rom\u00e2nia\u201d (aten\u021bie, nu rom\u00e2ne\u0219ti) mai \u00eent\u00e2i exul\u021bi \u0219i apoi \u00eencepi s\u0103 devii cople\u0219it de anvergura proiectului.<\/p>\n\n\n\n<p>Mii, probabil zeci de mii, de pagini de citit sau recitit fie c\u0103 e vorba despre c\u0103r\u021bi de istorie sau de memorialistic\u0103, fie c\u0103 sunt c\u0103r\u021bi de bucate sau articole digitale n-au cum s\u0103 nu sperie, s\u0103 nu inhibe entuziasmul ini\u021bial. Cu toate c\u0103 semnalizarea clar\u0103 \u201co istorie a deserturilor\u201d ne-a permis luxul ne a nu fi exhaustivi, str\u00e2ngerea informa\u021biilor pentru textele din acest volum, alegerea unui num\u0103r limitat de subiecte sau de re\u021bete, schimbarea lor func\u021bie de nevoile imediate sau de identificarea altor povestiri elocvente demersului a fost un proces istovitor psihic \u0219i fizic. Dar, faptul c\u0103 faci parte din unul dintre cele mai ample \u0219i mai ambi\u021bioase proiecte de valorificare a patrimoniului gastronomic material \u0219i imaterial rom\u00e2nesc \u2013 o istorie multimedia \u0219i pluridisciplinar\u0103 a deserturilor din Rom\u00e2nia din cele mai vechi timpuri \u0219i p\u00e2n\u0103 ast\u0103zi \u00ee\u021bi poate oferi puteri neb\u0103nuite.<\/p>\n\n\n\n<p>Am scris <em>o istorie<\/em> \u0219i nu <em>istoria<\/em> pentru c\u0103 volumul pe care \u00eel \u021bine\u021bi \u00een m\u00e2n\u0103 este o antologie de texte despre deserturile de la noi, scris\u0103 \u00een limit\u0103rile de timp \u0219i spa\u021biu tipografic inevitabile \u00eentr-un demers precum acesta. <em>Istoria<\/em> deserturilor de la noi urmeaz\u0103 s\u0103 fie scris\u0103, sper\u0103m tot cu aportul generos al Doctor Oetker, \u00een urm\u0103torii ani, de\u0219i ar trebui s\u0103 fie un proiect de \u021bar\u0103, nu o ini\u021biativ\u0103 privat\u0103.<\/p>\n\n\n\n<p>Gastronomia este parte fundamental\u0103 a identit\u0103\u021bii unui popor \u0219i m\u0103 uitam cu jind ceea ce fac alte na\u021biuni \u00een materie de reconstituiri istorico-gastronomice.<\/p>\n\n\n\n<p>\u00cen ceea ce prive\u0219te c\u00e2t de rom\u00e2ne\u0219ti sunt anumite re\u021bete \u021bin s\u0103 \u00eel citez pe antropologul Florin Dumitrescu: \u201cFelurile de m\u00e2ncare s-au r\u0103sp\u00e2ndit \u00een lume \u00eenainte de inventarea na\u021biunilor-stat. Buc\u0103t\u0103riile na\u021bionale sunt constructe culturale t\u00e2rzii, pe care \u0219i le confec\u021bioneaz\u0103 fiecare na\u021biune \u00een parte\u201d. Multe deserturi sunt comune \u00eentregii lumi, unele dintre ele ajung\u00e2nd s\u0103 fie emblematice pentru gastronomiile locale ori fie prin frecven\u021ba cu care sunt g\u0103tite ori fie printr-o \u2013 uneori insignifiant\u0103 \u2013 particularitate regional\u0103 care poate fi: un condiment, o tehnic\u0103 anume sau un mixt de cantit\u0103\u021bi de ingrediente. Ba mai mult, fiecare dintre noi construim istoria: \u00een cazul de fa\u021b\u0103 prin fiecare pr\u0103jitur\u0103 a c\u0103rei re\u021bet\u0103 este mo\u0219tenit\u0103 de la bunici \u0219i care o g\u0103tim copiilor sau nepo\u021bilor ducem tradi\u021bia mai departe Sper ca acest volum s\u0103 fie un exemplu de bun\u0103 practic\u0103 a conlucr\u0103rii \u00eentre cerin\u021bele \u0219i nevoiele marketingului actual \u0219i cercetarea de ni\u0219\u0103. Mi-a\u0219 dori ca astfel de c\u0103r\u021bi s\u0103 apar\u0103 \u00een num\u0103r c\u00e2t mai mare pentru c\u0103 bibliografia de profil este destul de s\u0103r\u0103c\u0103cioas\u0103. Cred c\u0103 am reu\u0219it \u0219i prin aceast\u0103 carte s\u0103 dovedim c\u0103 istoria gastronomiei nu are doar valoare muzeal\u0103.<\/p>\n","protected":false},"excerpt":{"rendered":"<p>Curatorul de Zacusc\u0103 \u0219i alte povestiri culinare rom\u00e2ne\u0219ti Este o culegere de articole, studii, editoriale si interviuri publicate in diferite medii, dar si inedite (scrise special pentru acest volum) de Cosmin Dragomir unul dintre cei mai cunoscuti jurnalisti culinari romani. Volumul abordeaza diferite teme de istorie ai antropologie culinara romaneasca si beneficiaza de o multitudine [&hellip;]<\/p>\n","protected":false},"author":1,"featured_media":0,"parent":0,"menu_order":0,"comment_status":"closed","ping_status":"closed","template":"","meta":{"footnotes":""},"class_list":["post-728","page","type-page","status-publish","hentry"],"yoast_head":"<!-- This site is optimized with the Yoast SEO plugin v23.4 - https:\/\/yoast.com\/wordpress\/plugins\/seo\/ -->\n<title>C\u0102R\u021aI - Cosmin Dragomir<\/title>\n<meta name=\"robots\" content=\"index, follow, max-snippet:-1, max-image-preview:large, max-video-preview:-1\" \/>\n<link rel=\"canonical\" href=\"http:\/\/cosmindragomir.ro\/ro\/carti\/\" \/>\n<meta property=\"og:locale\" content=\"ro_RO\" \/>\n<meta property=\"og:type\" content=\"article\" \/>\n<meta property=\"og:title\" content=\"C\u0102R\u021aI - Cosmin Dragomir\" \/>\n<meta property=\"og:description\" content=\"Curatorul de Zacusc\u0103 \u0219i alte povestiri culinare rom\u00e2ne\u0219ti Este o culegere de articole, studii, editoriale si interviuri publicate in diferite medii, dar si inedite (scrise special pentru acest volum) de Cosmin Dragomir unul dintre cei mai cunoscuti jurnalisti culinari romani. Volumul abordeaza diferite teme de istorie ai antropologie culinara romaneasca si beneficiaza de o multitudine [&hellip;]\" \/>\n<meta property=\"og:url\" content=\"http:\/\/cosmindragomir.ro\/ro\/carti\/\" \/>\n<meta property=\"og:site_name\" content=\"Cosmin Dragomir\" \/>\n<meta property=\"article:publisher\" content=\"https:\/\/www.facebook.com\/cosmin.dragomir.12\" \/>\n<meta property=\"article:modified_time\" content=\"2023-02-14T03:47:58+00:00\" \/>\n<meta property=\"og:image\" content=\"https:\/\/cosmindragomir.ro\/wp-content\/uploads\/2023\/02\/curator-3d-inalt-683x1024.jpg\" \/>\n<meta name=\"twitter:card\" content=\"summary_large_image\" \/>\n<meta name=\"twitter:label1\" content=\"Timp estimat pentru citire\" \/>\n\t<meta name=\"twitter:data1\" content=\"3 minute\" \/>\n<script type=\"application\/ld+json\" class=\"yoast-schema-graph\">{\"@context\":\"https:\/\/schema.org\",\"@graph\":[{\"@type\":\"WebPage\",\"@id\":\"https:\/\/cosmindragomir.ro\/carti\/\",\"url\":\"https:\/\/cosmindragomir.ro\/carti\/\",\"name\":\"C\u0102R\u021aI - Cosmin Dragomir\",\"isPartOf\":{\"@id\":\"https:\/\/cosmindragomir.ro\/#website\"},\"primaryImageOfPage\":{\"@id\":\"https:\/\/cosmindragomir.ro\/carti\/#primaryimage\"},\"image\":{\"@id\":\"https:\/\/cosmindragomir.ro\/carti\/#primaryimage\"},\"thumbnailUrl\":\"https:\/\/cosmindragomir.ro\/wp-content\/uploads\/2023\/02\/curator-3d-inalt-683x1024.jpg\",\"datePublished\":\"2023-02-13T11:12:05+00:00\",\"dateModified\":\"2023-02-14T03:47:58+00:00\",\"breadcrumb\":{\"@id\":\"https:\/\/cosmindragomir.ro\/carti\/#breadcrumb\"},\"inLanguage\":\"ro-RO\",\"potentialAction\":[{\"@type\":\"ReadAction\",\"target\":[\"https:\/\/cosmindragomir.ro\/carti\/\"]}]},{\"@type\":\"ImageObject\",\"inLanguage\":\"ro-RO\",\"@id\":\"https:\/\/cosmindragomir.ro\/carti\/#primaryimage\",\"url\":\"https:\/\/cosmindragomir.ro\/wp-content\/uploads\/2023\/02\/curator-3d-inalt-683x1024.jpg\",\"contentUrl\":\"https:\/\/cosmindragomir.ro\/wp-content\/uploads\/2023\/02\/curator-3d-inalt-683x1024.jpg\"},{\"@type\":\"BreadcrumbList\",\"@id\":\"https:\/\/cosmindragomir.ro\/carti\/#breadcrumb\",\"itemListElement\":[{\"@type\":\"ListItem\",\"position\":1,\"name\":\"Home\",\"item\":\"https:\/\/cosmindragomir.ro\/\"},{\"@type\":\"ListItem\",\"position\":2,\"name\":\"C\u0102R\u021aI\"}]},{\"@type\":\"WebSite\",\"@id\":\"https:\/\/cosmindragomir.ro\/#website\",\"url\":\"https:\/\/cosmindragomir.ro\/\",\"name\":\"Cosmin Dragomir\",\"description\":\"istorie pe p\u00e2ine\",\"publisher\":{\"@id\":\"https:\/\/cosmindragomir.ro\/#\/schema\/person\/fa5dfbff9a3c217f077eaada3362ebe0\"},\"potentialAction\":[{\"@type\":\"SearchAction\",\"target\":{\"@type\":\"EntryPoint\",\"urlTemplate\":\"https:\/\/cosmindragomir.ro\/?s={search_term_string}\"},\"query-input\":{\"@type\":\"PropertyValueSpecification\",\"valueRequired\":true,\"valueName\":\"search_term_string\"}}],\"inLanguage\":\"ro-RO\"},{\"@type\":[\"Person\",\"Organization\"],\"@id\":\"https:\/\/cosmindragomir.ro\/#\/schema\/person\/fa5dfbff9a3c217f077eaada3362ebe0\",\"name\":\"Cosmin Dragomir\",\"image\":{\"@type\":\"ImageObject\",\"inLanguage\":\"ro-RO\",\"@id\":\"https:\/\/cosmindragomir.ro\/#\/schema\/person\/image\/\",\"url\":\"https:\/\/cosmindragomir.ro\/wp-content\/uploads\/2019\/06\/cropped-cropped-14610998_1103641976422462_2912219255401263028_n-1-1.jpg\",\"contentUrl\":\"https:\/\/cosmindragomir.ro\/wp-content\/uploads\/2019\/06\/cropped-cropped-14610998_1103641976422462_2912219255401263028_n-1-1.jpg\",\"width\":200,\"height\":200,\"caption\":\"Cosmin Dragomir\"},\"logo\":{\"@id\":\"https:\/\/cosmindragomir.ro\/#\/schema\/person\/image\/\"},\"sameAs\":[\"https:\/\/cosmindragomir.ro\",\"https:\/\/www.facebook.com\/cosmin.dragomir.12\",\"https:\/\/www.instagram.com\/cosmindragomir_gastroart\/\"]}]}<\/script>\n<!-- \/ Yoast SEO plugin. -->","yoast_head_json":{"title":"C\u0102R\u021aI - Cosmin Dragomir","robots":{"index":"index","follow":"follow","max-snippet":"max-snippet:-1","max-image-preview":"max-image-preview:large","max-video-preview":"max-video-preview:-1"},"canonical":"http:\/\/cosmindragomir.ro\/ro\/carti\/","og_locale":"ro_RO","og_type":"article","og_title":"C\u0102R\u021aI - Cosmin Dragomir","og_description":"Curatorul de Zacusc\u0103 \u0219i alte povestiri culinare rom\u00e2ne\u0219ti Este o culegere de articole, studii, editoriale si interviuri publicate in diferite medii, dar si inedite (scrise special pentru acest volum) de Cosmin Dragomir unul dintre cei mai cunoscuti jurnalisti culinari romani. Volumul abordeaza diferite teme de istorie ai antropologie culinara romaneasca si beneficiaza de o multitudine [&hellip;]","og_url":"http:\/\/cosmindragomir.ro\/ro\/carti\/","og_site_name":"Cosmin Dragomir","article_publisher":"https:\/\/www.facebook.com\/cosmin.dragomir.12","article_modified_time":"2023-02-14T03:47:58+00:00","og_image":[{"url":"https:\/\/cosmindragomir.ro\/wp-content\/uploads\/2023\/02\/curator-3d-inalt-683x1024.jpg"}],"twitter_card":"summary_large_image","twitter_misc":{"Timp estimat pentru citire":"3 minute"},"schema":{"@context":"https:\/\/schema.org","@graph":[{"@type":"WebPage","@id":"https:\/\/cosmindragomir.ro\/carti\/","url":"https:\/\/cosmindragomir.ro\/carti\/","name":"C\u0102R\u021aI - Cosmin Dragomir","isPartOf":{"@id":"https:\/\/cosmindragomir.ro\/#website"},"primaryImageOfPage":{"@id":"https:\/\/cosmindragomir.ro\/carti\/#primaryimage"},"image":{"@id":"https:\/\/cosmindragomir.ro\/carti\/#primaryimage"},"thumbnailUrl":"https:\/\/cosmindragomir.ro\/wp-content\/uploads\/2023\/02\/curator-3d-inalt-683x1024.jpg","datePublished":"2023-02-13T11:12:05+00:00","dateModified":"2023-02-14T03:47:58+00:00","breadcrumb":{"@id":"https:\/\/cosmindragomir.ro\/carti\/#breadcrumb"},"inLanguage":"ro-RO","potentialAction":[{"@type":"ReadAction","target":["https:\/\/cosmindragomir.ro\/carti\/"]}]},{"@type":"ImageObject","inLanguage":"ro-RO","@id":"https:\/\/cosmindragomir.ro\/carti\/#primaryimage","url":"https:\/\/cosmindragomir.ro\/wp-content\/uploads\/2023\/02\/curator-3d-inalt-683x1024.jpg","contentUrl":"https:\/\/cosmindragomir.ro\/wp-content\/uploads\/2023\/02\/curator-3d-inalt-683x1024.jpg"},{"@type":"BreadcrumbList","@id":"https:\/\/cosmindragomir.ro\/carti\/#breadcrumb","itemListElement":[{"@type":"ListItem","position":1,"name":"Home","item":"https:\/\/cosmindragomir.ro\/"},{"@type":"ListItem","position":2,"name":"C\u0102R\u021aI"}]},{"@type":"WebSite","@id":"https:\/\/cosmindragomir.ro\/#website","url":"https:\/\/cosmindragomir.ro\/","name":"Cosmin Dragomir","description":"istorie pe p\u00e2ine","publisher":{"@id":"https:\/\/cosmindragomir.ro\/#\/schema\/person\/fa5dfbff9a3c217f077eaada3362ebe0"},"potentialAction":[{"@type":"SearchAction","target":{"@type":"EntryPoint","urlTemplate":"https:\/\/cosmindragomir.ro\/?s={search_term_string}"},"query-input":{"@type":"PropertyValueSpecification","valueRequired":true,"valueName":"search_term_string"}}],"inLanguage":"ro-RO"},{"@type":["Person","Organization"],"@id":"https:\/\/cosmindragomir.ro\/#\/schema\/person\/fa5dfbff9a3c217f077eaada3362ebe0","name":"Cosmin Dragomir","image":{"@type":"ImageObject","inLanguage":"ro-RO","@id":"https:\/\/cosmindragomir.ro\/#\/schema\/person\/image\/","url":"https:\/\/cosmindragomir.ro\/wp-content\/uploads\/2019\/06\/cropped-cropped-14610998_1103641976422462_2912219255401263028_n-1-1.jpg","contentUrl":"https:\/\/cosmindragomir.ro\/wp-content\/uploads\/2019\/06\/cropped-cropped-14610998_1103641976422462_2912219255401263028_n-1-1.jpg","width":200,"height":200,"caption":"Cosmin Dragomir"},"logo":{"@id":"https:\/\/cosmindragomir.ro\/#\/schema\/person\/image\/"},"sameAs":["https:\/\/cosmindragomir.ro","https:\/\/www.facebook.com\/cosmin.dragomir.12","https:\/\/www.instagram.com\/cosmindragomir_gastroart\/"]}]}},"_links":{"self":[{"href":"http:\/\/cosmindragomir.ro\/ro\/wp-json\/wp\/v2\/pages\/728","targetHints":{"allow":["GET"]}}],"collection":[{"href":"http:\/\/cosmindragomir.ro\/ro\/wp-json\/wp\/v2\/pages"}],"about":[{"href":"http:\/\/cosmindragomir.ro\/ro\/wp-json\/wp\/v2\/types\/page"}],"author":[{"embeddable":true,"href":"http:\/\/cosmindragomir.ro\/ro\/wp-json\/wp\/v2\/users\/1"}],"replies":[{"embeddable":true,"href":"http:\/\/cosmindragomir.ro\/ro\/wp-json\/wp\/v2\/comments?post=728"}],"version-history":[{"count":6,"href":"http:\/\/cosmindragomir.ro\/ro\/wp-json\/wp\/v2\/pages\/728\/revisions"}],"predecessor-version":[{"id":755,"href":"http:\/\/cosmindragomir.ro\/ro\/wp-json\/wp\/v2\/pages\/728\/revisions\/755"}],"wp:attachment":[{"href":"http:\/\/cosmindragomir.ro\/ro\/wp-json\/wp\/v2\/media?parent=728"}],"curies":[{"name":"wp","href":"https:\/\/api.w.org\/{rel}","templated":true}]}}