{"id":980,"date":"2023-07-12T13:30:16","date_gmt":"2023-07-12T10:30:16","guid":{"rendered":"https:\/\/cosmindragomir.ro\/?page_id=980"},"modified":"2023-07-12T13:49:38","modified_gmt":"2023-07-12T10:49:38","slug":"chefi-azi-dar-mai-ales-maine","status":"publish","type":"page","link":"http:\/\/cosmindragomir.ro\/ro\/chefi-azi-dar-mai-ales-maine\/","title":{"rendered":"Chefi azi, dar mai ales m\u00e2ine"},"content":{"rendered":"\n<p><\/p>\n\n\n<ul class=\"wp-block-latest-posts__list has-dates wp-block-latest-posts\"><li><div class=\"wp-block-latest-posts__featured-image alignleft\"><a href=\"http:\/\/cosmindragomir.ro\/ro\/2025\/12\/30\/muzeul-sarmalelor-are-si-newsletter\/\" aria-label=\"Muzeul sarmalelor are \u0219i newsletter\"><img loading=\"lazy\" decoding=\"async\" width=\"150\" height=\"150\" src=\"https:\/\/cosmindragomir.ro\/wp-content\/uploads\/2025\/12\/de-cover-150x150.jpeg\" class=\"attachment-thumbnail size-thumbnail wp-post-image\" alt=\"\" style=\"\" \/><\/a><\/div><a class=\"wp-block-latest-posts__post-title\" href=\"http:\/\/cosmindragomir.ro\/ro\/2025\/12\/30\/muzeul-sarmalelor-are-si-newsletter\/\">Muzeul sarmalelor are \u0219i newsletter<\/a><time datetime=\"2025-12-30T19:20:00+02:00\" class=\"wp-block-latest-posts__post-date\">decembrie 30, 2025<\/time><div class=\"wp-block-latest-posts__post-excerpt\">Chiar dac\u0103 \u0219tiu c\u0103 majoritatea cov\u00e2r\u0219itoare a celor care citesc aceste r\u00e2nduri m\u0103 \u0219tiu deja, da\u021bi-mi voie s\u0103 m\u0103 prezint pe scurt \u0219i s\u0103 v\u0103 povestesc c\u00e2te ceva despre acest proiect. Sunt Cosmin Dragomir, jurnalist de gastronomie, \u0219i, de c\u00e2\u021biva ani, sunt cunoscut \u0219i drept Colec\u021bionarul de sarmale, porecl\u0103 (a\u0219 zice renume) insinuat\u0103 de titlul\u2026 <a class=\"wp-block-latest-posts__read-more\" href=\"http:\/\/cosmindragomir.ro\/ro\/2025\/12\/30\/muzeul-sarmalelor-are-si-newsletter\/\" rel=\"noopener noreferrer\">Cite\u0219te mai mult<span class=\"screen-reader-text\">: Muzeul sarmalelor are \u0219i newsletter<\/span><\/a><\/div><\/li>\n<li><div class=\"wp-block-latest-posts__featured-image alignleft\"><a href=\"http:\/\/cosmindragomir.ro\/ro\/2025\/07\/31\/ghid-culinar-despre-diversificarea-alimentatiei-la-bebelusi-de-otilia-cusa-fulea-lansat-de-editura-gastroart\/\" aria-label=\"Ghid culinar despre diversificarea alimenta\u021biei la bebelu\u0219i de Otilia Cu\u0219a-Fulea lansat de editura GastroArt\"><img loading=\"lazy\" decoding=\"async\" width=\"150\" height=\"150\" src=\"https:\/\/cosmindragomir.ro\/wp-content\/uploads\/2025\/07\/mintenas-coperta-150x150.png\" class=\"attachment-thumbnail size-thumbnail wp-post-image\" alt=\"\" style=\"\" \/><\/a><\/div><a class=\"wp-block-latest-posts__post-title\" href=\"http:\/\/cosmindragomir.ro\/ro\/2025\/07\/31\/ghid-culinar-despre-diversificarea-alimentatiei-la-bebelusi-de-otilia-cusa-fulea-lansat-de-editura-gastroart\/\">Ghid culinar despre diversificarea alimenta\u021biei la bebelu\u0219i de Otilia Cu\u0219a-Fulea lansat de editura GastroArt<\/a><time datetime=\"2025-07-31T02:39:36+03:00\" class=\"wp-block-latest-posts__post-date\">iulie 31, 2025<\/time><div class=\"wp-block-latest-posts__post-excerpt\">Editura GastroArt anun\u021b\u0103 lansarea unei noi c\u0103r\u021bi culinare care inaugureaz\u0103 \u0219i o nou\u0103 colec\u021bie: cea de parenting: \u201eMintena\u0219: \u00eendrumar culinar pentru prin\u021bese n\u0103zuroase \u0219i prin\u021bi sc\u00e2rciomi\u021bi\u201d de Otilia Cu\u0219a-Fulea. \u00a0Volumul va ajunge \u00een lib\u0103riile C\u0103rture\u0219ti din toat\u0103 \u021bara la finalul lunii august \u0219i poate fi precomandat de pe carture\u0219ti.ro \u201eMintena\u0219: \u00eendrumar culinar pentru prin\u021bese n\u0103zuroase\u2026 <a class=\"wp-block-latest-posts__read-more\" href=\"http:\/\/cosmindragomir.ro\/ro\/2025\/07\/31\/ghid-culinar-despre-diversificarea-alimentatiei-la-bebelusi-de-otilia-cusa-fulea-lansat-de-editura-gastroart\/\" rel=\"noopener noreferrer\">Cite\u0219te mai mult<span class=\"screen-reader-text\">: Ghid culinar despre diversificarea alimenta\u021biei la bebelu\u0219i de Otilia Cu\u0219a-Fulea lansat de editura GastroArt<\/span><\/a><\/div><\/li>\n<li><div class=\"wp-block-latest-posts__featured-image alignleft\"><a href=\"http:\/\/cosmindragomir.ro\/ro\/2025\/04\/16\/festivaluri-cu-specific-dobrogean-la-tulcea-si-in-bucuresti-in-iunie-si-la-toamna\/\" aria-label=\"Festivaluri cu specific dobrogean, la Tulcea \u0219i \u00een Bucure\u0219ti \u00een iunie \u0219i la toamn\u0103\"><img loading=\"lazy\" decoding=\"async\" width=\"150\" height=\"150\" src=\"https:\/\/cosmindragomir.ro\/wp-content\/uploads\/2025\/04\/afis-scrumbii-de-rusalii--150x150.jpg\" class=\"attachment-thumbnail size-thumbnail wp-post-image\" alt=\"\" style=\"\" \/><\/a><\/div><a class=\"wp-block-latest-posts__post-title\" href=\"http:\/\/cosmindragomir.ro\/ro\/2025\/04\/16\/festivaluri-cu-specific-dobrogean-la-tulcea-si-in-bucuresti-in-iunie-si-la-toamna\/\">Festivaluri cu specific dobrogean, la Tulcea \u0219i \u00een Bucure\u0219ti \u00een iunie \u0219i la toamn\u0103<\/a><time datetime=\"2025-04-16T18:56:19+03:00\" class=\"wp-block-latest-posts__post-date\">aprilie 16, 2025<\/time><div class=\"wp-block-latest-posts__post-excerpt\">Tulcea celebreaz\u0103 din nou gustul unic al scrumbiei dun\u0103rene \u0219i tradi\u021biile pesc\u0103re\u0219ti, \u00een cadrul Festivalului \u201eScrumbii de Rusalii\u201d, care va avea loc \u00een perioada 6\u20138 iunie 2025, \u00een pitorescul Sat Pesc\u0103resc Tradi\u021bional, iar seria de evenimente Vinuri \u0219i Bucate Dobrogene \u00eencepe la Bucure\u0219ti la Ivan Pescar \u0219i Scrumbia Bar pe 14-15 iunie \u0219i continu\u0103 \u00een\u2026 <a class=\"wp-block-latest-posts__read-more\" href=\"http:\/\/cosmindragomir.ro\/ro\/2025\/04\/16\/festivaluri-cu-specific-dobrogean-la-tulcea-si-in-bucuresti-in-iunie-si-la-toamna\/\" rel=\"noopener noreferrer\">Cite\u0219te mai mult<span class=\"screen-reader-text\">: Festivaluri cu specific dobrogean, la Tulcea \u0219i \u00een Bucure\u0219ti \u00een iunie \u0219i la toamn\u0103<\/span><\/a><\/div><\/li>\n<li><div class=\"wp-block-latest-posts__featured-image alignleft\"><a href=\"http:\/\/cosmindragomir.ro\/ro\/2025\/03\/25\/volumul-sarmale-si-serotonina-de-camelia-burghele-lansari-latimisoara-bucuresti-si-zalau\/\" aria-label=\"Volumul \u201cSarmale \u0219i serotonin\u0103\u201d de Camelia Burghele, lans\u0103ri laTimi\u0219oara, Bucure\u0219ti \u0219i Zal\u0103u\"><img loading=\"lazy\" decoding=\"async\" width=\"150\" height=\"150\" src=\"https:\/\/cosmindragomir.ro\/wp-content\/uploads\/2025\/01\/saramale-si-serotonina-150x150.png\" class=\"attachment-thumbnail size-thumbnail wp-post-image\" alt=\"\" style=\"\" \/><\/a><\/div><a class=\"wp-block-latest-posts__post-title\" href=\"http:\/\/cosmindragomir.ro\/ro\/2025\/03\/25\/volumul-sarmale-si-serotonina-de-camelia-burghele-lansari-latimisoara-bucuresti-si-zalau\/\">Volumul \u201cSarmale \u0219i serotonin\u0103\u201d de Camelia Burghele, lans\u0103ri laTimi\u0219oara, Bucure\u0219ti \u0219i Zal\u0103u<\/a><time datetime=\"2025-03-25T11:18:42+02:00\" class=\"wp-block-latest-posts__post-date\">martie 25, 2025<\/time><div class=\"wp-block-latest-posts__post-excerpt\">Editura GastroArt anun\u021b\u0103 lansarea volumului SARMALE \u0218I SEROTONIN\u0102. DESPRE UN MAINSTREAM GASTRO-CULTURAL de Camelia Burghele \u00een Timi\u0219oara, Bucure\u0219ti \u0219i Zal\u0103u. &nbsp;Volumul este, deopotriv\u0103, o abordare antropologic\u0103 a buc\u0103t\u0103riei tradi\u021bionale \u0219i o culegere de re\u021bete de sarmale (preluate din satele s\u0103l\u0103jene). Cartea se g\u0103se\u0219te \u00een re\u021beaua de libr\u0103rii C\u0103rture\u0219ti, \u00een diferite b\u0103c\u0103nii \u0219i restaurante din \u021bar\u0103,\u2026 <a class=\"wp-block-latest-posts__read-more\" href=\"http:\/\/cosmindragomir.ro\/ro\/2025\/03\/25\/volumul-sarmale-si-serotonina-de-camelia-burghele-lansari-latimisoara-bucuresti-si-zalau\/\" rel=\"noopener noreferrer\">Cite\u0219te mai mult<span class=\"screen-reader-text\">: Volumul \u201cSarmale \u0219i serotonin\u0103\u201d de Camelia Burghele, lans\u0103ri laTimi\u0219oara, Bucure\u0219ti \u0219i Zal\u0103u<\/span><\/a><\/div><\/li>\n<li><div class=\"wp-block-latest-posts__featured-image alignleft\"><a href=\"http:\/\/cosmindragomir.ro\/ro\/2025\/02\/19\/torreznos-de-soria-istorie-retete-si-curiozitati-despre-delicatesa-crocanta-a-castiliei\/\" aria-label=\"Torreznos de Soria: istorie, re\u021bete \u0219i curiozit\u0103\u021bi despre delicatesa crocant\u0103 a Castiliei\"><img loading=\"lazy\" decoding=\"async\" width=\"150\" height=\"150\" src=\"https:\/\/cosmindragomir.ro\/wp-content\/uploads\/2025\/02\/dreamstime_s_219382004-150x150.jpg\" class=\"attachment-thumbnail size-thumbnail wp-post-image\" alt=\"\" style=\"\" \/><\/a><\/div><a class=\"wp-block-latest-posts__post-title\" href=\"http:\/\/cosmindragomir.ro\/ro\/2025\/02\/19\/torreznos-de-soria-istorie-retete-si-curiozitati-despre-delicatesa-crocanta-a-castiliei\/\">Torreznos de Soria: istorie, re\u021bete \u0219i curiozit\u0103\u021bi despre delicatesa crocant\u0103 a Castiliei<\/a><time datetime=\"2025-02-19T08:30:55+02:00\" class=\"wp-block-latest-posts__post-date\">februarie 19, 2025<\/time><div class=\"wp-block-latest-posts__post-excerpt\">Spania este cunoscut\u0103 pentru gastronomia sa bogat\u0103, plin\u0103 de preparate tradi\u021bionale savuroase, iar printre acestea se num\u0103r\u0103 \u0219i Torreznos de Soria. Acest aperitiv crocant, f\u0103cut din sl\u0103nin\u0103 de porc cu \u0219orici, este un simbol al regiunii Castilia \u0219i Le\u00f3n \u0219i o delicates\u0103 apreciat\u0103 de gurmanzi. Cu o istorie \u00eendelungat\u0103 \u0219i o re\u021bet\u0103 aparent simpl\u0103, dar\u2026 <a class=\"wp-block-latest-posts__read-more\" href=\"http:\/\/cosmindragomir.ro\/ro\/2025\/02\/19\/torreznos-de-soria-istorie-retete-si-curiozitati-despre-delicatesa-crocanta-a-castiliei\/\" rel=\"noopener noreferrer\">Cite\u0219te mai mult<span class=\"screen-reader-text\">: Torreznos de Soria: istorie, re\u021bete \u0219i curiozit\u0103\u021bi despre delicatesa crocant\u0103 a Castiliei<\/span><\/a><\/div><\/li>\n<\/ul>","protected":false},"excerpt":{"rendered":"","protected":false},"author":1,"featured_media":0,"parent":0,"menu_order":0,"comment_status":"closed","ping_status":"closed","template":"","meta":{"footnotes":""},"class_list":["post-980","page","type-page","status-publish","hentry"],"yoast_head":"<!-- This site is optimized with the Yoast SEO plugin v23.4 - https:\/\/yoast.com\/wordpress\/plugins\/seo\/ -->\n<title>Chefi azi, dar mai ales m\u00e2ine - Cosmin Dragomir<\/title>\n<meta name=\"robots\" content=\"index, follow, max-snippet:-1, max-image-preview:large, max-video-preview:-1\" \/>\n<link rel=\"canonical\" href=\"http:\/\/cosmindragomir.ro\/ro\/chefi-azi-dar-mai-ales-maine\/\" \/>\n<meta property=\"og:locale\" content=\"ro_RO\" \/>\n<meta property=\"og:type\" content=\"article\" \/>\n<meta property=\"og:title\" content=\"Chefi azi, dar mai ales m\u00e2ine - Cosmin Dragomir\" \/>\n<meta property=\"og:url\" content=\"http:\/\/cosmindragomir.ro\/ro\/chefi-azi-dar-mai-ales-maine\/\" \/>\n<meta property=\"og:site_name\" content=\"Cosmin Dragomir\" \/>\n<meta property=\"article:publisher\" content=\"https:\/\/www.facebook.com\/cosmin.dragomir.12\" \/>\n<meta property=\"article:modified_time\" content=\"2023-07-12T10:49:38+00:00\" \/>\n<meta property=\"og:image\" content=\"https:\/\/cosmindragomir.ro\/wp-content\/uploads\/2023\/07\/1063832-RW2_DxO_DeepPRIME-scaled.jpg\" \/>\n\t<meta property=\"og:image:width\" content=\"2560\" \/>\n\t<meta property=\"og:image:height\" content=\"1707\" \/>\n\t<meta property=\"og:image:type\" content=\"image\/jpeg\" \/>\n<meta name=\"twitter:card\" content=\"summary_large_image\" \/>\n<script type=\"application\/ld+json\" class=\"yoast-schema-graph\">{\"@context\":\"https:\/\/schema.org\",\"@graph\":[{\"@type\":\"WebPage\",\"@id\":\"https:\/\/cosmindragomir.ro\/chefi-azi-dar-mai-ales-maine\/\",\"url\":\"https:\/\/cosmindragomir.ro\/chefi-azi-dar-mai-ales-maine\/\",\"name\":\"Chefi azi, dar mai ales m\u00e2ine - Cosmin Dragomir\",\"isPartOf\":{\"@id\":\"https:\/\/cosmindragomir.ro\/#website\"},\"datePublished\":\"2023-07-12T10:30:16+00:00\",\"dateModified\":\"2023-07-12T10:49:38+00:00\",\"breadcrumb\":{\"@id\":\"https:\/\/cosmindragomir.ro\/chefi-azi-dar-mai-ales-maine\/#breadcrumb\"},\"inLanguage\":\"ro-RO\",\"potentialAction\":[{\"@type\":\"ReadAction\",\"target\":[\"https:\/\/cosmindragomir.ro\/chefi-azi-dar-mai-ales-maine\/\"]}]},{\"@type\":\"BreadcrumbList\",\"@id\":\"https:\/\/cosmindragomir.ro\/chefi-azi-dar-mai-ales-maine\/#breadcrumb\",\"itemListElement\":[{\"@type\":\"ListItem\",\"position\":1,\"name\":\"Home\",\"item\":\"https:\/\/cosmindragomir.ro\/\"},{\"@type\":\"ListItem\",\"position\":2,\"name\":\"Chefi azi, dar mai ales m\u00e2ine\"}]},{\"@type\":\"WebSite\",\"@id\":\"https:\/\/cosmindragomir.ro\/#website\",\"url\":\"https:\/\/cosmindragomir.ro\/\",\"name\":\"Cosmin Dragomir\",\"description\":\"istorie pe p\u00e2ine\",\"publisher\":{\"@id\":\"https:\/\/cosmindragomir.ro\/#\/schema\/person\/fa5dfbff9a3c217f077eaada3362ebe0\"},\"potentialAction\":[{\"@type\":\"SearchAction\",\"target\":{\"@type\":\"EntryPoint\",\"urlTemplate\":\"https:\/\/cosmindragomir.ro\/?s={search_term_string}\"},\"query-input\":{\"@type\":\"PropertyValueSpecification\",\"valueRequired\":true,\"valueName\":\"search_term_string\"}}],\"inLanguage\":\"ro-RO\"},{\"@type\":[\"Person\",\"Organization\"],\"@id\":\"https:\/\/cosmindragomir.ro\/#\/schema\/person\/fa5dfbff9a3c217f077eaada3362ebe0\",\"name\":\"Cosmin Dragomir\",\"image\":{\"@type\":\"ImageObject\",\"inLanguage\":\"ro-RO\",\"@id\":\"https:\/\/cosmindragomir.ro\/#\/schema\/person\/image\/\",\"url\":\"https:\/\/cosmindragomir.ro\/wp-content\/uploads\/2019\/06\/cropped-cropped-14610998_1103641976422462_2912219255401263028_n-1-1.jpg\",\"contentUrl\":\"https:\/\/cosmindragomir.ro\/wp-content\/uploads\/2019\/06\/cropped-cropped-14610998_1103641976422462_2912219255401263028_n-1-1.jpg\",\"width\":200,\"height\":200,\"caption\":\"Cosmin Dragomir\"},\"logo\":{\"@id\":\"https:\/\/cosmindragomir.ro\/#\/schema\/person\/image\/\"},\"sameAs\":[\"https:\/\/cosmindragomir.ro\",\"https:\/\/www.facebook.com\/cosmin.dragomir.12\",\"https:\/\/www.instagram.com\/cosmindragomir_gastroart\/\"]}]}<\/script>\n<!-- \/ Yoast SEO plugin. -->","yoast_head_json":{"title":"Chefi azi, dar mai ales m\u00e2ine - Cosmin Dragomir","robots":{"index":"index","follow":"follow","max-snippet":"max-snippet:-1","max-image-preview":"max-image-preview:large","max-video-preview":"max-video-preview:-1"},"canonical":"http:\/\/cosmindragomir.ro\/ro\/chefi-azi-dar-mai-ales-maine\/","og_locale":"ro_RO","og_type":"article","og_title":"Chefi azi, dar mai ales m\u00e2ine - Cosmin Dragomir","og_url":"http:\/\/cosmindragomir.ro\/ro\/chefi-azi-dar-mai-ales-maine\/","og_site_name":"Cosmin Dragomir","article_publisher":"https:\/\/www.facebook.com\/cosmin.dragomir.12","article_modified_time":"2023-07-12T10:49:38+00:00","og_image":[{"width":2560,"height":1707,"url":"https:\/\/cosmindragomir.ro\/wp-content\/uploads\/2023\/07\/1063832-RW2_DxO_DeepPRIME-scaled.jpg","type":"image\/jpeg"}],"twitter_card":"summary_large_image","schema":{"@context":"https:\/\/schema.org","@graph":[{"@type":"WebPage","@id":"https:\/\/cosmindragomir.ro\/chefi-azi-dar-mai-ales-maine\/","url":"https:\/\/cosmindragomir.ro\/chefi-azi-dar-mai-ales-maine\/","name":"Chefi azi, dar mai ales m\u00e2ine - Cosmin Dragomir","isPartOf":{"@id":"https:\/\/cosmindragomir.ro\/#website"},"datePublished":"2023-07-12T10:30:16+00:00","dateModified":"2023-07-12T10:49:38+00:00","breadcrumb":{"@id":"https:\/\/cosmindragomir.ro\/chefi-azi-dar-mai-ales-maine\/#breadcrumb"},"inLanguage":"ro-RO","potentialAction":[{"@type":"ReadAction","target":["https:\/\/cosmindragomir.ro\/chefi-azi-dar-mai-ales-maine\/"]}]},{"@type":"BreadcrumbList","@id":"https:\/\/cosmindragomir.ro\/chefi-azi-dar-mai-ales-maine\/#breadcrumb","itemListElement":[{"@type":"ListItem","position":1,"name":"Home","item":"https:\/\/cosmindragomir.ro\/"},{"@type":"ListItem","position":2,"name":"Chefi azi, dar mai ales m\u00e2ine"}]},{"@type":"WebSite","@id":"https:\/\/cosmindragomir.ro\/#website","url":"https:\/\/cosmindragomir.ro\/","name":"Cosmin Dragomir","description":"istorie pe p\u00e2ine","publisher":{"@id":"https:\/\/cosmindragomir.ro\/#\/schema\/person\/fa5dfbff9a3c217f077eaada3362ebe0"},"potentialAction":[{"@type":"SearchAction","target":{"@type":"EntryPoint","urlTemplate":"https:\/\/cosmindragomir.ro\/?s={search_term_string}"},"query-input":{"@type":"PropertyValueSpecification","valueRequired":true,"valueName":"search_term_string"}}],"inLanguage":"ro-RO"},{"@type":["Person","Organization"],"@id":"https:\/\/cosmindragomir.ro\/#\/schema\/person\/fa5dfbff9a3c217f077eaada3362ebe0","name":"Cosmin Dragomir","image":{"@type":"ImageObject","inLanguage":"ro-RO","@id":"https:\/\/cosmindragomir.ro\/#\/schema\/person\/image\/","url":"https:\/\/cosmindragomir.ro\/wp-content\/uploads\/2019\/06\/cropped-cropped-14610998_1103641976422462_2912219255401263028_n-1-1.jpg","contentUrl":"https:\/\/cosmindragomir.ro\/wp-content\/uploads\/2019\/06\/cropped-cropped-14610998_1103641976422462_2912219255401263028_n-1-1.jpg","width":200,"height":200,"caption":"Cosmin Dragomir"},"logo":{"@id":"https:\/\/cosmindragomir.ro\/#\/schema\/person\/image\/"},"sameAs":["https:\/\/cosmindragomir.ro","https:\/\/www.facebook.com\/cosmin.dragomir.12","https:\/\/www.instagram.com\/cosmindragomir_gastroart\/"]}]}},"_links":{"self":[{"href":"http:\/\/cosmindragomir.ro\/ro\/wp-json\/wp\/v2\/pages\/980","targetHints":{"allow":["GET"]}}],"collection":[{"href":"http:\/\/cosmindragomir.ro\/ro\/wp-json\/wp\/v2\/pages"}],"about":[{"href":"http:\/\/cosmindragomir.ro\/ro\/wp-json\/wp\/v2\/types\/page"}],"author":[{"embeddable":true,"href":"http:\/\/cosmindragomir.ro\/ro\/wp-json\/wp\/v2\/users\/1"}],"replies":[{"embeddable":true,"href":"http:\/\/cosmindragomir.ro\/ro\/wp-json\/wp\/v2\/comments?post=980"}],"version-history":[{"count":3,"href":"http:\/\/cosmindragomir.ro\/ro\/wp-json\/wp\/v2\/pages\/980\/revisions"}],"predecessor-version":[{"id":987,"href":"http:\/\/cosmindragomir.ro\/ro\/wp-json\/wp\/v2\/pages\/980\/revisions\/987"}],"wp:attachment":[{"href":"http:\/\/cosmindragomir.ro\/ro\/wp-json\/wp\/v2\/media?parent=980"}],"curies":[{"name":"wp","href":"https:\/\/api.w.org\/{rel}","templated":true}]}}